{"id":4736,"date":"2024-04-26T16:58:16","date_gmt":"2024-04-26T14:58:16","guid":{"rendered":"https:\/\/laperledorane.com\/actividades-locales\/asni-imlil\/"},"modified":"2024-10-21T11:50:25","modified_gmt":"2024-10-21T09:50:25","slug":"asni-imlil","status":"publish","type":"page","link":"https:\/\/laperledorane.com\/es\/actividades-locales\/asni-imlil\/","title":{"rendered":"Asni \/ Imlil"},"content":{"rendered":"\t\t<div data-elementor-type=\"wp-page\" data-elementor-id=\"4736\" class=\"elementor elementor-4736 elementor-3562\">\n\t\t\t\t\t\t<section class=\"elementor-section elementor-top-section elementor-element elementor-element-72ca65ea elementor-section-height-min-height cs-section-content-fullwidth cs-parallax-on-scroll cs_scroll_y_80 elementor-section-boxed elementor-section-height-default elementor-section-items-middle\" data-id=\"72ca65ea\" data-element_type=\"section\" data-e-type=\"section\" data-settings=\"{&quot;background_background&quot;:&quot;classic&quot;}\" data-cs-parallax-y=\"80\" style=\"background-image: none;\" data-cs-background-image=\"https:\/\/laperledorane.com\/wp-content\/uploads\/2024\/04\/asni_.jpg\" data-cs-background-image-alt-text=\"\">\n\t\t\t\t\t\t\t<div class=\"elementor-background-overlay\"><\/div>\n\t\t\t\t\t\t\t<div class=\"elementor-container elementor-column-gap-no\">\n\t\t\t\t\t<div class=\"elementor-column elementor-col-100 elementor-top-column elementor-element elementor-element-fc46671 dark-color\" data-id=\"fc46671\" data-element_type=\"column\" data-e-type=\"column\">\n\t\t\t<div class=\"elementor-widget-wrap elementor-element-populated\">\n\t\t\t\t\t\t<div class=\"elementor-element elementor-element-599f6f1b elementor-widget elementor-widget-cs_title\" data-id=\"599f6f1b\" data-element_type=\"widget\" data-e-type=\"widget\" data-widget_type=\"cs_title.default\">\n\t\t\t\t<div class=\"elementor-widget-container\">\n\t\t\t\t\t\n        <div class=\"cs-title-wrap text-center\">\t            <h1 class=\"cs-title\">\n\t                Asni \/ Imlil \t            <\/h1>\t            <div class=\"cs-title-text\">\n\t                <p>Senderismo en el Atlas<\/p>\n\t            <\/div>        <\/div>\t\t\t\t<\/div>\n\t\t\t\t<\/div>\n\t\t\t\t\t<\/div>\n\t\t<\/div>\n\t\t\t\t\t<\/div>\n\t\t<\/section>\n\t\t\t\t<section class=\"elementor-section elementor-top-section elementor-element elementor-element-1950185 elementor-section-boxed elementor-section-height-default elementor-section-height-default\" data-id=\"1950185\" data-element_type=\"section\" data-e-type=\"section\">\n\t\t\t\t\t\t<div class=\"elementor-container elementor-column-gap-no\">\n\t\t\t\t\t<div class=\"elementor-column elementor-col-66 elementor-top-column elementor-element elementor-element-164e1881\" data-id=\"164e1881\" data-element_type=\"column\" data-e-type=\"column\">\n\t\t\t<div class=\"elementor-widget-wrap elementor-element-populated\">\n\t\t\t\t\t\t<div class=\"elementor-element elementor-element-64de3813 elementor-widget elementor-widget-cs_title\" data-id=\"64de3813\" data-element_type=\"widget\" data-e-type=\"widget\" data-widget_type=\"cs_title.default\">\n\t\t\t\t<div class=\"elementor-widget-container\">\n\t\t\t\t\t\n        <div class=\"cs-title-wrap\">\t            <div class=\"cs-subtitle-wrap\"><span class=\"cs-subtitle\">Experiencia<\/span><\/div>\t            <h2 class=\"cs-title\">\n\t                Asni \/ Imlil\t            <\/h2>\t            <div class=\"cs-title-text\">\n\t                <p><span class=\"OYPEnA\">Esta excursi\u00f3n por el Atlas, en los alrededores de Imlil, al pie del monte Toubkal, le sumergir\u00e1 en el coraz\u00f3n de la vida bereber. Campos en terrazas, casas de piedra, bancos de arena, escenas de la vida agr\u00edcola&#8230; una oportunidad para descubrir un modo de vida diferente mientras se llenan los pulmones de aire puro.<\/span><\/p>\n\t            <\/div>        <\/div>\t\t\t\t<\/div>\n\t\t\t\t<\/div>\n\t\t\t\t\t<\/div>\n\t\t<\/div>\n\t\t\t\t<div class=\"elementor-column elementor-col-33 elementor-top-column elementor-element elementor-element-1b51b523\" data-id=\"1b51b523\" data-element_type=\"column\" data-e-type=\"column\">\n\t\t\t<div class=\"elementor-widget-wrap elementor-element-populated\">\n\t\t\t\t\t\t<section class=\"elementor-section elementor-inner-section elementor-element elementor-element-d9ee61a elementor-section-boxed elementor-section-height-default elementor-section-height-default\" data-id=\"d9ee61a\" data-element_type=\"section\" data-e-type=\"section\" data-settings=\"{&quot;background_background&quot;:&quot;classic&quot;}\">\n\t\t\t\t\t\t<div class=\"elementor-container elementor-column-gap-no\">\n\t\t\t\t\t<div class=\"elementor-column elementor-col-100 elementor-inner-column elementor-element elementor-element-7bdc7fbc\" data-id=\"7bdc7fbc\" data-element_type=\"column\" data-e-type=\"column\" data-settings=\"{&quot;background_background&quot;:&quot;classic&quot;}\">\n\t\t\t<div class=\"elementor-widget-wrap elementor-element-populated\">\n\t\t\t\t\t\t<div class=\"elementor-element elementor-element-61e1f56e elementor-widget elementor-widget-cs_title\" data-id=\"61e1f56e\" data-element_type=\"widget\" data-e-type=\"widget\" data-widget_type=\"cs_title.default\">\n\t\t\t\t<div class=\"elementor-widget-container\">\n\t\t\t\t\t\n        <div class=\"cs-title-wrap\">\t            <h6 class=\"cs-title\">\n\t                Informaci\u00f3n\t            <\/h6>        <\/div>\t\t\t\t<\/div>\n\t\t\t\t<\/div>\n\t\t\t\t<div class=\"elementor-element elementor-element-51f7f014 elementor-widget elementor-widget-cs_list\" data-id=\"51f7f014\" data-element_type=\"widget\" data-e-type=\"widget\" data-widget_type=\"cs_list.default\">\n\t\t\t\t<div class=\"elementor-widget-container\">\n\t\t\t\t\t\n            <ul class=\"cs-list cs-list-type-unordered with-border\">                <li>                        <span class=\"list-icon color-primary\">\n                            <svg aria-hidden=\"true\" class=\"e-font-icon-svg e-fas-circle\" viewBox=\"0 0 512 512\" xmlns=\"http:\/\/www.w3.org\/2000\/svg\"><path d=\"M256 8C119 8 8 119 8 256s111 248 248 248 248-111 248-248S393 8 256 8z\"><\/path><\/svg>                        <\/span>                    <span class=\"list-content\">Transporte de 1 a 7 personas \n1080,00 dhs<\/span>                <\/li>                <li>                        <span class=\"list-icon color-primary\">\n                            <svg aria-hidden=\"true\" class=\"e-font-icon-svg e-fas-circle\" viewBox=\"0 0 512 512\" xmlns=\"http:\/\/www.w3.org\/2000\/svg\"><path d=\"M256 8C119 8 8 119 8 256s111 248 248 248 248-111 248-248S393 8 256 8z\"><\/path><\/svg>                        <\/span>                    <span class=\"list-content\">Transporte de 8 a 10 personas. \n1530,00 dhs<\/span>                <\/li>            <\/ul>\t\t\t\t<\/div>\n\t\t\t\t<\/div>\n\t\t\t\t<div class=\"elementor-element elementor-element-1e2064b6 elementor-align-justify elementor-widget elementor-widget-cs_button\" data-id=\"1e2064b6\" data-element_type=\"widget\" data-e-type=\"widget\" data-widget_type=\"cs_button.default\">\n\t\t\t\t<div class=\"elementor-widget-container\">\n\t\t\t\t\t        <a href=\"https:\/\/laperledorane.com\/en\/contact\/\" class=\"elementor-button-link button\" role=\"button\">\n            <span class=\"cs-btn-text\">Contacto<\/span>        <\/a>\t\t\t\t<\/div>\n\t\t\t\t<\/div>\n\t\t\t\t\t<\/div>\n\t\t<\/div>\n\t\t\t\t\t<\/div>\n\t\t<\/section>\n\t\t\t\t\t<\/div>\n\t\t<\/div>\n\t\t\t\t\t<\/div>\n\t\t<\/section>\n\t\t\t\t<section class=\"elementor-section elementor-top-section elementor-element elementor-element-41939f3c elementor-section-boxed elementor-section-height-default elementor-section-height-default\" data-id=\"41939f3c\" data-element_type=\"section\" data-e-type=\"section\">\n\t\t\t\t\t\t<div class=\"elementor-container elementor-column-gap-no\">\n\t\t\t\t\t<div class=\"elementor-column elementor-col-100 elementor-top-column elementor-element elementor-element-50f69e46\" data-id=\"50f69e46\" data-element_type=\"column\" data-e-type=\"column\">\n\t\t\t<div class=\"elementor-widget-wrap elementor-element-populated\">\n\t\t\t\t\t\t<div class=\"elementor-element elementor-element-66c6f3c1 elementor-widget elementor-widget-cs_gallery\" data-id=\"66c6f3c1\" data-element_type=\"widget\" data-e-type=\"widget\" data-widget_type=\"cs_gallery.default\">\n\t\t\t\t<div class=\"elementor-widget-container\">\n\t\t\t\t\t\n            <div class=\"cs-gallery gap-5 gallery-grid grid-col-3\">\n                <div class=\"cs-gallery-wrap\">                    <div class=\"cs-gallery-item\"><img fetchpriority=\"high\" decoding=\"async\" width=\"801\" height=\"1200\" src=\"https:\/\/laperledorane.com\/wp-content\/uploads\/2024\/04\/chevres-imlil-maroc.jpg\" class=\"attachment-full size-full wp-image-3581\" alt=\"\" srcset=\"https:\/\/laperledorane.com\/wp-content\/uploads\/2024\/04\/chevres-imlil-maroc.jpg 801w, https:\/\/laperledorane.com\/wp-content\/uploads\/2024\/04\/chevres-imlil-maroc-200x300.jpg 200w, https:\/\/laperledorane.com\/wp-content\/uploads\/2024\/04\/chevres-imlil-maroc-684x1024.jpg 684w, https:\/\/laperledorane.com\/wp-content\/uploads\/2024\/04\/chevres-imlil-maroc-768x1151.jpg 768w, https:\/\/laperledorane.com\/wp-content\/uploads\/2024\/04\/chevres-imlil-maroc-780x1169.jpg 780w, https:\/\/laperledorane.com\/wp-content\/uploads\/2024\/04\/chevres-imlil-maroc-600x899.jpg 600w, https:\/\/laperledorane.com\/wp-content\/uploads\/2024\/04\/chevres-imlil-maroc-550x824.jpg 550w, https:\/\/laperledorane.com\/wp-content\/uploads\/2024\/04\/chevres-imlil-maroc-370x554.jpg 370w, https:\/\/laperledorane.com\/wp-content\/uploads\/2024\/04\/chevres-imlil-maroc-255x382.jpg 255w, https:\/\/laperledorane.com\/wp-content\/uploads\/2024\/04\/chevres-imlil-maroc-100x150.jpg 100w\" sizes=\"(max-width: 801px) 100vw, 801px\" \/>                    <\/div>                    <div class=\"cs-gallery-item\"><img decoding=\"async\" width=\"800\" height=\"1200\" src=\"https:\/\/laperledorane.com\/wp-content\/uploads\/2024\/04\/montagnes-autour-imlil-maroc.jpg\" class=\"attachment-full size-full wp-image-3592\" alt=\"\" srcset=\"https:\/\/laperledorane.com\/wp-content\/uploads\/2024\/04\/montagnes-autour-imlil-maroc.jpg 800w, https:\/\/laperledorane.com\/wp-content\/uploads\/2024\/04\/montagnes-autour-imlil-maroc-200x300.jpg 200w, https:\/\/laperledorane.com\/wp-content\/uploads\/2024\/04\/montagnes-autour-imlil-maroc-683x1024.jpg 683w, https:\/\/laperledorane.com\/wp-content\/uploads\/2024\/04\/montagnes-autour-imlil-maroc-768x1152.jpg 768w, https:\/\/laperledorane.com\/wp-content\/uploads\/2024\/04\/montagnes-autour-imlil-maroc-780x1170.jpg 780w, https:\/\/laperledorane.com\/wp-content\/uploads\/2024\/04\/montagnes-autour-imlil-maroc-600x900.jpg 600w, https:\/\/laperledorane.com\/wp-content\/uploads\/2024\/04\/montagnes-autour-imlil-maroc-550x825.jpg 550w, https:\/\/laperledorane.com\/wp-content\/uploads\/2024\/04\/montagnes-autour-imlil-maroc-370x555.jpg 370w, https:\/\/laperledorane.com\/wp-content\/uploads\/2024\/04\/montagnes-autour-imlil-maroc-255x383.jpg 255w, https:\/\/laperledorane.com\/wp-content\/uploads\/2024\/04\/montagnes-autour-imlil-maroc-100x150.jpg 100w\" sizes=\"(max-width: 800px) 100vw, 800px\" \/>                    <\/div>                    <div class=\"cs-gallery-item\"><img decoding=\"async\" width=\"800\" height=\"1200\" src=\"https:\/\/laperledorane.com\/wp-content\/uploads\/2024\/04\/ane-mont-toubkal-maroc.jpg\" class=\"attachment-full size-full wp-image-3586\" alt=\"\" srcset=\"https:\/\/laperledorane.com\/wp-content\/uploads\/2024\/04\/ane-mont-toubkal-maroc.jpg 800w, https:\/\/laperledorane.com\/wp-content\/uploads\/2024\/04\/ane-mont-toubkal-maroc-200x300.jpg 200w, https:\/\/laperledorane.com\/wp-content\/uploads\/2024\/04\/ane-mont-toubkal-maroc-683x1024.jpg 683w, https:\/\/laperledorane.com\/wp-content\/uploads\/2024\/04\/ane-mont-toubkal-maroc-768x1152.jpg 768w, https:\/\/laperledorane.com\/wp-content\/uploads\/2024\/04\/ane-mont-toubkal-maroc-780x1170.jpg 780w, https:\/\/laperledorane.com\/wp-content\/uploads\/2024\/04\/ane-mont-toubkal-maroc-600x900.jpg 600w, https:\/\/laperledorane.com\/wp-content\/uploads\/2024\/04\/ane-mont-toubkal-maroc-550x825.jpg 550w, https:\/\/laperledorane.com\/wp-content\/uploads\/2024\/04\/ane-mont-toubkal-maroc-370x555.jpg 370w, https:\/\/laperledorane.com\/wp-content\/uploads\/2024\/04\/ane-mont-toubkal-maroc-255x383.jpg 255w, https:\/\/laperledorane.com\/wp-content\/uploads\/2024\/04\/ane-mont-toubkal-maroc-100x150.jpg 100w\" sizes=\"(max-width: 800px) 100vw, 800px\" \/>                    <\/div>                <\/div>\n            <\/div>\t\t\t\t<\/div>\n\t\t\t\t<\/div>\n\t\t\t\t\t<\/div>\n\t\t<\/div>\n\t\t\t\t\t<\/div>\n\t\t<\/section>\n\t\t\t\t<\/div>\n\t\t","protected":false},"excerpt":{"rendered":"<p>Asni \/ Imlil Senderismo en el Atlas Experiencia Asni \/ Imlil Esta excursi\u00f3n por el Atlas, en los alrededores de Imlil, al pie del monte Toubkal, le sumergir\u00e1 en el coraz\u00f3n de la vida bereber. Campos en terrazas, casas de piedra, bancos de arena, escenas de la vida agr\u00edcola&#8230; una oportunidad para descubrir un modo &#8230;<\/p>\n","protected":false},"author":1,"featured_media":0,"parent":4734,"menu_order":0,"comment_status":"closed","ping_status":"closed","template":"elementor_header_footer","meta":{"cozystay_single_page_hide_site_header":"","cozystay_single_page_site_header_source":"","cozystay_single_page_custom_site_header":"0","cozystay_single_page_custom_sticky_site_header":"0","cozystay_single_page_hide_page_title":"","cozystay_single_page_header_section_size":"","cozystay_single_page_header_background_color":"","cozystay_single_page_header_background_position_x":"center","cozystay_single_page_header_background_position_y":"center","cozystay_single_page_header_background_size":"cover","cozystay_single_page_header_background_repeat":"off","cozystay_single_page_header_background_scroll":"on","cozystay_single_page_header_text_color":"","cozystay_single_page_header_show_breadcrumb":"","cozystay_single_page_site_footer_hide_main":"","cozystay_single_custom_site_footer_main_source":"","cozystay_single_custom_site_footer_main":"0","cozystay_single_page_site_footer_hide_above":"","cozystay_single_custom_site_footer_above_source":"","cozystay_single_custom_site_footer_above":"0","cozystay_single_page_site_footer_hide_instagram":"","cozystay_single_page_site_footer_hide_bottom":"","cozystay_single_custom_mobile_menu_source":"","cozystay_single_custom_mobile_menu":"0","cozystay_single_custom_mobile_menu_animation":"","cozystay_single_custom_mobile_menu_width":"","cozystay_single_custom_mobile_menu_custom_width":375,"footnotes":""},"class_list":["post-4736","page","type-page","status-publish","hentry"],"_links":{"self":[{"href":"https:\/\/laperledorane.com\/es\/wp-json\/wp\/v2\/pages\/4736","targetHints":{"allow":["GET"]}}],"collection":[{"href":"https:\/\/laperledorane.com\/es\/wp-json\/wp\/v2\/pages"}],"about":[{"href":"https:\/\/laperledorane.com\/es\/wp-json\/wp\/v2\/types\/page"}],"author":[{"embeddable":true,"href":"https:\/\/laperledorane.com\/es\/wp-json\/wp\/v2\/users\/1"}],"replies":[{"embeddable":true,"href":"https:\/\/laperledorane.com\/es\/wp-json\/wp\/v2\/comments?post=4736"}],"version-history":[{"count":4,"href":"https:\/\/laperledorane.com\/es\/wp-json\/wp\/v2\/pages\/4736\/revisions"}],"predecessor-version":[{"id":99365,"href":"https:\/\/laperledorane.com\/es\/wp-json\/wp\/v2\/pages\/4736\/revisions\/99365"}],"up":[{"embeddable":true,"href":"https:\/\/laperledorane.com\/es\/wp-json\/wp\/v2\/pages\/4734"}],"wp:attachment":[{"href":"https:\/\/laperledorane.com\/es\/wp-json\/wp\/v2\/media?parent=4736"}],"curies":[{"name":"wp","href":"https:\/\/api.w.org\/{rel}","templated":true}]}}