{"id":4739,"date":"2024-04-26T15:45:10","date_gmt":"2024-04-26T13:45:10","guid":{"rendered":"https:\/\/laperledorane.com\/actividades-locales\/essaouira\/"},"modified":"2024-10-21T11:51:06","modified_gmt":"2024-10-21T09:51:06","slug":"essaouira","status":"publish","type":"page","link":"https:\/\/laperledorane.com\/es\/actividades-locales\/essaouira\/","title":{"rendered":"Essaouira"},"content":{"rendered":"\t\t<div data-elementor-type=\"wp-page\" data-elementor-id=\"4739\" class=\"elementor elementor-4739 elementor-3451\">\n\t\t\t\t\t\t<section class=\"elementor-section elementor-top-section elementor-element elementor-element-4b52aa2a elementor-section-height-min-height cs-section-content-fullwidth cs-parallax-on-scroll cs_scroll_y_80 elementor-section-boxed elementor-section-height-default elementor-section-items-middle\" data-id=\"4b52aa2a\" data-element_type=\"section\" data-e-type=\"section\" data-settings=\"{&quot;background_background&quot;:&quot;classic&quot;}\" data-cs-parallax-y=\"80\" style=\"background-image: none;\" data-cs-background-image=\"https:\/\/laperledorane.com\/wp-content\/uploads\/2024\/04\/essaouira_2-scaled.jpg\" data-cs-background-image-alt-text=\"\">\n\t\t\t\t\t\t\t<div class=\"elementor-background-overlay\"><\/div>\n\t\t\t\t\t\t\t<div class=\"elementor-container elementor-column-gap-no\">\n\t\t\t\t\t<div class=\"elementor-column elementor-col-100 elementor-top-column elementor-element elementor-element-7d9ee7 dark-color\" data-id=\"7d9ee7\" data-element_type=\"column\" data-e-type=\"column\">\n\t\t\t<div class=\"elementor-widget-wrap elementor-element-populated\">\n\t\t\t\t\t\t<div class=\"elementor-element elementor-element-4920dbec elementor-widget elementor-widget-cs_title\" data-id=\"4920dbec\" data-element_type=\"widget\" data-e-type=\"widget\" data-widget_type=\"cs_title.default\">\n\t\t\t\t<div class=\"elementor-widget-container\">\n\t\t\t\t\t\n        <div class=\"cs-title-wrap text-center\">\t            <div class=\"cs-subtitle-wrap\"><span class=\"cs-subtitle color-white\">La ciudad de los alisios<\/span><\/div>\t            <h1 class=\"cs-title\">\n\t                Essaouira\t            <\/h1>\t            <div class=\"cs-title-text\">\n\t                <p>Ciudad portuaria y tur\u00edstica de la costa atl\u00e1ntica marroqu\u00ed<\/p>\n\t            <\/div>        <\/div>\t\t\t\t<\/div>\n\t\t\t\t<\/div>\n\t\t\t\t\t<\/div>\n\t\t<\/div>\n\t\t\t\t\t<\/div>\n\t\t<\/section>\n\t\t\t\t<section class=\"elementor-section elementor-top-section elementor-element elementor-element-5ee797e1 elementor-section-boxed elementor-section-height-default elementor-section-height-default\" data-id=\"5ee797e1\" data-element_type=\"section\" data-e-type=\"section\">\n\t\t\t\t\t\t<div class=\"elementor-container elementor-column-gap-no\">\n\t\t\t\t\t<div class=\"elementor-column elementor-col-66 elementor-top-column elementor-element elementor-element-71467273\" data-id=\"71467273\" data-element_type=\"column\" data-e-type=\"column\">\n\t\t\t<div class=\"elementor-widget-wrap elementor-element-populated\">\n\t\t\t\t\t\t<div class=\"elementor-element elementor-element-75ba74b3 elementor-widget elementor-widget-cs_title\" data-id=\"75ba74b3\" data-element_type=\"widget\" data-e-type=\"widget\" data-widget_type=\"cs_title.default\">\n\t\t\t\t<div class=\"elementor-widget-container\">\n\t\t\t\t\t\n        <div class=\"cs-title-wrap\">\t            <div class=\"cs-subtitle-wrap\"><span class=\"cs-subtitle\">El \"Saint-Malo marroqu\u00ed\"<\/span><\/div>\t            <h2 class=\"cs-title\">\n\t                Essaouira\t            <\/h2>\t            <div class=\"cs-title-text\">\n\t                <p class=\"cgHgbA WvQL9w Xp24Nw PanoWQ\"><span class=\"OYPEnA\">Essaouira es una perla azul y blanca que <\/span><span class=\"OYPEnA\">que nos encanta ense\u00f1arte. Situada al borde del oc\u00e9ano, pasar\u00e1 un d\u00eda memorable en esta ciudad que anta\u00f1o fue llamada \u00abMogador\u00bb por los colonos portugueses del siglo XVI que se asentaron en este encantador puerto pesquero, dise\u00f1ado por el arquitecto franc\u00e9s Vauban. Estas influencias le confieren una belleza y un car\u00e1cter \u00fanicos.<\/span><\/p>\n<p class=\"cgHgbA WvQL9w Xp24Nw\"><span class=\"OYPEnA\">Hoy, la ciudad se ha convertido en una ciudad de artistas <\/span><span class=\"OYPEnA\">donde podr\u00e1 almorzar pescado y marisco.<\/span><\/p>\n\t            <\/div>        <\/div>\t\t\t\t<\/div>\n\t\t\t\t<\/div>\n\t\t\t\t\t<\/div>\n\t\t<\/div>\n\t\t\t\t<div class=\"elementor-column elementor-col-33 elementor-top-column elementor-element elementor-element-55b4c195\" data-id=\"55b4c195\" data-element_type=\"column\" data-e-type=\"column\">\n\t\t\t<div class=\"elementor-widget-wrap elementor-element-populated\">\n\t\t\t\t\t\t<section class=\"elementor-section elementor-inner-section elementor-element elementor-element-6460e3cd elementor-section-boxed elementor-section-height-default elementor-section-height-default\" data-id=\"6460e3cd\" data-element_type=\"section\" data-e-type=\"section\" data-settings=\"{&quot;background_background&quot;:&quot;classic&quot;}\">\n\t\t\t\t\t\t<div class=\"elementor-container elementor-column-gap-no\">\n\t\t\t\t\t<div class=\"elementor-column elementor-col-100 elementor-inner-column elementor-element elementor-element-7ef6800d\" data-id=\"7ef6800d\" data-element_type=\"column\" data-e-type=\"column\" data-settings=\"{&quot;background_background&quot;:&quot;classic&quot;}\">\n\t\t\t<div class=\"elementor-widget-wrap elementor-element-populated\">\n\t\t\t\t\t\t<div class=\"elementor-element elementor-element-2c539b05 elementor-widget elementor-widget-cs_title\" data-id=\"2c539b05\" data-element_type=\"widget\" data-e-type=\"widget\" data-widget_type=\"cs_title.default\">\n\t\t\t\t<div class=\"elementor-widget-container\">\n\t\t\t\t\t\n        <div class=\"cs-title-wrap\">\t            <h6 class=\"cs-title\">\n\t                Informaci\u00f3n\t            <\/h6>        <\/div>\t\t\t\t<\/div>\n\t\t\t\t<\/div>\n\t\t\t\t<div class=\"elementor-element elementor-element-302b74ae elementor-widget elementor-widget-cs_list\" data-id=\"302b74ae\" data-element_type=\"widget\" data-e-type=\"widget\" data-widget_type=\"cs_list.default\">\n\t\t\t\t<div class=\"elementor-widget-container\">\n\t\t\t\t\t\n            <ul class=\"cs-list cs-list-type-unordered with-border\">                <li>                        <span class=\"list-icon color-primary\">\n                            <svg aria-hidden=\"true\" class=\"e-font-icon-svg e-fas-circle\" viewBox=\"0 0 512 512\" xmlns=\"http:\/\/www.w3.org\/2000\/svg\"><path d=\"M256 8C119 8 8 119 8 256s111 248 248 248 248-111 248-248S393 8 256 8z\"><\/path><\/svg>                        <\/span>                    <span class=\"list-content\">Transporte de 1 a 7 personas\n1590,00 dhs<\/span>                <\/li>                <li>                        <span class=\"list-icon color-primary\">\n                            <svg aria-hidden=\"true\" class=\"e-font-icon-svg e-fas-circle\" viewBox=\"0 0 512 512\" xmlns=\"http:\/\/www.w3.org\/2000\/svg\"><path d=\"M256 8C119 8 8 119 8 256s111 248 248 248 248-111 248-248S393 8 256 8z\"><\/path><\/svg>                        <\/span>                    <span class=\"list-content\">Transporte de 8 a 10 personas.\n1920,00 dhs<\/span>                <\/li>            <\/ul>\t\t\t\t<\/div>\n\t\t\t\t<\/div>\n\t\t\t\t<div class=\"elementor-element elementor-element-5c87bdab elementor-align-justify elementor-widget elementor-widget-cs_button\" data-id=\"5c87bdab\" data-element_type=\"widget\" data-e-type=\"widget\" data-widget_type=\"cs_button.default\">\n\t\t\t\t<div class=\"elementor-widget-container\">\n\t\t\t\t\t        <a href=\"https:\/\/laperledorane.com\/en\/contact\/\" class=\"elementor-button-link button\" role=\"button\">\n            <span class=\"cs-btn-text\">Contacto<\/span>        <\/a>\t\t\t\t<\/div>\n\t\t\t\t<\/div>\n\t\t\t\t\t<\/div>\n\t\t<\/div>\n\t\t\t\t\t<\/div>\n\t\t<\/section>\n\t\t\t\t\t<\/div>\n\t\t<\/div>\n\t\t\t\t\t<\/div>\n\t\t<\/section>\n\t\t\t\t<section class=\"elementor-section elementor-top-section elementor-element elementor-element-13e00673 elementor-section-boxed elementor-section-height-default elementor-section-height-default\" data-id=\"13e00673\" data-element_type=\"section\" data-e-type=\"section\">\n\t\t\t\t\t\t<div class=\"elementor-container elementor-column-gap-no\">\n\t\t\t\t\t<div class=\"elementor-column elementor-col-100 elementor-top-column elementor-element elementor-element-3baf29a0\" data-id=\"3baf29a0\" data-element_type=\"column\" data-e-type=\"column\">\n\t\t\t<div class=\"elementor-widget-wrap elementor-element-populated\">\n\t\t\t\t\t\t<div class=\"elementor-element elementor-element-43958809 elementor-widget elementor-widget-cs_gallery\" data-id=\"43958809\" data-element_type=\"widget\" data-e-type=\"widget\" data-widget_type=\"cs_gallery.default\">\n\t\t\t\t<div class=\"elementor-widget-container\">\n\t\t\t\t\t\n            <div class=\"cs-gallery gap-5 gallery-grid grid-col-3\">\n                <div class=\"cs-gallery-wrap\">                    <div class=\"cs-gallery-item\"><img fetchpriority=\"high\" decoding=\"async\" width=\"801\" height=\"1200\" src=\"https:\/\/laperledorane.com\/wp-content\/uploads\/2024\/04\/essa_1.jpg\" class=\"attachment-full size-full wp-image-3463\" alt=\"\" srcset=\"https:\/\/laperledorane.com\/wp-content\/uploads\/2024\/04\/essa_1.jpg 801w, https:\/\/laperledorane.com\/wp-content\/uploads\/2024\/04\/essa_1-200x300.jpg 200w, https:\/\/laperledorane.com\/wp-content\/uploads\/2024\/04\/essa_1-684x1024.jpg 684w, https:\/\/laperledorane.com\/wp-content\/uploads\/2024\/04\/essa_1-768x1151.jpg 768w, https:\/\/laperledorane.com\/wp-content\/uploads\/2024\/04\/essa_1-780x1169.jpg 780w, https:\/\/laperledorane.com\/wp-content\/uploads\/2024\/04\/essa_1-600x899.jpg 600w, https:\/\/laperledorane.com\/wp-content\/uploads\/2024\/04\/essa_1-550x824.jpg 550w, https:\/\/laperledorane.com\/wp-content\/uploads\/2024\/04\/essa_1-370x554.jpg 370w, https:\/\/laperledorane.com\/wp-content\/uploads\/2024\/04\/essa_1-255x382.jpg 255w, https:\/\/laperledorane.com\/wp-content\/uploads\/2024\/04\/essa_1-100x150.jpg 100w\" sizes=\"(max-width: 801px) 100vw, 801px\" \/>                    <\/div>                    <div class=\"cs-gallery-item\"><img decoding=\"async\" width=\"800\" height=\"1200\" src=\"https:\/\/laperledorane.com\/wp-content\/uploads\/2024\/04\/Marokko_Essaouira_Hafen.jpg\" class=\"attachment-full size-full wp-image-3467\" alt=\"\" srcset=\"https:\/\/laperledorane.com\/wp-content\/uploads\/2024\/04\/Marokko_Essaouira_Hafen.jpg 800w, https:\/\/laperledorane.com\/wp-content\/uploads\/2024\/04\/Marokko_Essaouira_Hafen-200x300.jpg 200w, https:\/\/laperledorane.com\/wp-content\/uploads\/2024\/04\/Marokko_Essaouira_Hafen-683x1024.jpg 683w, https:\/\/laperledorane.com\/wp-content\/uploads\/2024\/04\/Marokko_Essaouira_Hafen-768x1152.jpg 768w, https:\/\/laperledorane.com\/wp-content\/uploads\/2024\/04\/Marokko_Essaouira_Hafen-780x1170.jpg 780w, https:\/\/laperledorane.com\/wp-content\/uploads\/2024\/04\/Marokko_Essaouira_Hafen-600x900.jpg 600w, https:\/\/laperledorane.com\/wp-content\/uploads\/2024\/04\/Marokko_Essaouira_Hafen-550x825.jpg 550w, https:\/\/laperledorane.com\/wp-content\/uploads\/2024\/04\/Marokko_Essaouira_Hafen-370x555.jpg 370w, https:\/\/laperledorane.com\/wp-content\/uploads\/2024\/04\/Marokko_Essaouira_Hafen-255x383.jpg 255w, https:\/\/laperledorane.com\/wp-content\/uploads\/2024\/04\/Marokko_Essaouira_Hafen-100x150.jpg 100w\" sizes=\"(max-width: 800px) 100vw, 800px\" \/>                    <\/div>                    <div class=\"cs-gallery-item\"><img decoding=\"async\" width=\"800\" height=\"1200\" src=\"https:\/\/laperledorane.com\/wp-content\/uploads\/2024\/04\/essaouira-1-25.jpg\" class=\"attachment-full size-full wp-image-3471\" alt=\"\" srcset=\"https:\/\/laperledorane.com\/wp-content\/uploads\/2024\/04\/essaouira-1-25.jpg 800w, https:\/\/laperledorane.com\/wp-content\/uploads\/2024\/04\/essaouira-1-25-200x300.jpg 200w, https:\/\/laperledorane.com\/wp-content\/uploads\/2024\/04\/essaouira-1-25-683x1024.jpg 683w, https:\/\/laperledorane.com\/wp-content\/uploads\/2024\/04\/essaouira-1-25-768x1152.jpg 768w, https:\/\/laperledorane.com\/wp-content\/uploads\/2024\/04\/essaouira-1-25-780x1170.jpg 780w, https:\/\/laperledorane.com\/wp-content\/uploads\/2024\/04\/essaouira-1-25-600x900.jpg 600w, https:\/\/laperledorane.com\/wp-content\/uploads\/2024\/04\/essaouira-1-25-550x825.jpg 550w, https:\/\/laperledorane.com\/wp-content\/uploads\/2024\/04\/essaouira-1-25-370x555.jpg 370w, https:\/\/laperledorane.com\/wp-content\/uploads\/2024\/04\/essaouira-1-25-255x383.jpg 255w, https:\/\/laperledorane.com\/wp-content\/uploads\/2024\/04\/essaouira-1-25-100x150.jpg 100w\" sizes=\"(max-width: 800px) 100vw, 800px\" \/>                    <\/div>                <\/div>\n            <\/div>\t\t\t\t<\/div>\n\t\t\t\t<\/div>\n\t\t\t\t\t<\/div>\n\t\t<\/div>\n\t\t\t\t\t<\/div>\n\t\t<\/section>\n\t\t\t\t<\/div>\n\t\t","protected":false},"excerpt":{"rendered":"<p>La ciudad de los alisios Essaouira Ciudad portuaria y tur\u00edstica de la costa atl\u00e1ntica marroqu\u00ed El \u00abSaint-Malo marroqu\u00ed\u00bb Essaouira Essaouira es una perla azul y blanca que que nos encanta ense\u00f1arte. Situada al borde del oc\u00e9ano, pasar\u00e1 un d\u00eda memorable en esta ciudad que anta\u00f1o fue llamada \u00ab\u00a0Mogador\u00a0\u00bb por los colonos portugueses del siglo XVI &#8230;<\/p>\n","protected":false},"author":1,"featured_media":0,"parent":4734,"menu_order":0,"comment_status":"closed","ping_status":"closed","template":"elementor_header_footer","meta":{"cozystay_single_page_hide_site_header":"","cozystay_single_page_site_header_source":"","cozystay_single_page_custom_site_header":"0","cozystay_single_page_custom_sticky_site_header":"0","cozystay_single_page_hide_page_title":"","cozystay_single_page_header_section_size":"","cozystay_single_page_header_background_color":"","cozystay_single_page_header_background_position_x":"center","cozystay_single_page_header_background_position_y":"center","cozystay_single_page_header_background_size":"cover","cozystay_single_page_header_background_repeat":"off","cozystay_single_page_header_background_scroll":"on","cozystay_single_page_header_text_color":"","cozystay_single_page_header_show_breadcrumb":"","cozystay_single_page_site_footer_hide_main":"","cozystay_single_custom_site_footer_main_source":"","cozystay_single_custom_site_footer_main":"0","cozystay_single_page_site_footer_hide_above":"","cozystay_single_custom_site_footer_above_source":"","cozystay_single_custom_site_footer_above":"0","cozystay_single_page_site_footer_hide_instagram":"","cozystay_single_page_site_footer_hide_bottom":"","cozystay_single_custom_mobile_menu_source":"","cozystay_single_custom_mobile_menu":"0","cozystay_single_custom_mobile_menu_animation":"","cozystay_single_custom_mobile_menu_width":"","cozystay_single_custom_mobile_menu_custom_width":375,"footnotes":""},"class_list":["post-4739","page","type-page","status-publish","hentry"],"_links":{"self":[{"href":"https:\/\/laperledorane.com\/es\/wp-json\/wp\/v2\/pages\/4739","targetHints":{"allow":["GET"]}}],"collection":[{"href":"https:\/\/laperledorane.com\/es\/wp-json\/wp\/v2\/pages"}],"about":[{"href":"https:\/\/laperledorane.com\/es\/wp-json\/wp\/v2\/types\/page"}],"author":[{"embeddable":true,"href":"https:\/\/laperledorane.com\/es\/wp-json\/wp\/v2\/users\/1"}],"replies":[{"embeddable":true,"href":"https:\/\/laperledorane.com\/es\/wp-json\/wp\/v2\/comments?post=4739"}],"version-history":[{"count":4,"href":"https:\/\/laperledorane.com\/es\/wp-json\/wp\/v2\/pages\/4739\/revisions"}],"predecessor-version":[{"id":99368,"href":"https:\/\/laperledorane.com\/es\/wp-json\/wp\/v2\/pages\/4739\/revisions\/99368"}],"up":[{"embeddable":true,"href":"https:\/\/laperledorane.com\/es\/wp-json\/wp\/v2\/pages\/4734"}],"wp:attachment":[{"href":"https:\/\/laperledorane.com\/es\/wp-json\/wp\/v2\/media?parent=4739"}],"curies":[{"name":"wp","href":"https:\/\/api.w.org\/{rel}","templated":true}]}}