{"id":4747,"date":"2024-04-26T16:36:59","date_gmt":"2024-04-26T14:36:59","guid":{"rendered":"https:\/\/laperledorane.com\/actividades-locales\/valle-de-ourika\/"},"modified":"2024-10-21T11:52:23","modified_gmt":"2024-10-21T09:52:23","slug":"valle-de-ourika","status":"publish","type":"page","link":"https:\/\/laperledorane.com\/es\/actividades-locales\/valle-de-ourika\/","title":{"rendered":"Valle de Ourika"},"content":{"rendered":"\t\t<div data-elementor-type=\"wp-page\" data-elementor-id=\"4747\" class=\"elementor elementor-4747 elementor-3526\">\n\t\t\t\t\t\t<section class=\"elementor-section elementor-top-section elementor-element elementor-element-4b5aca52 elementor-section-height-min-height cs-section-content-fullwidth cs-parallax-on-scroll cs_scroll_y_80 elementor-section-boxed elementor-section-height-default elementor-section-items-middle\" data-id=\"4b5aca52\" data-element_type=\"section\" data-e-type=\"section\" data-settings=\"{&quot;background_background&quot;:&quot;classic&quot;}\" data-cs-parallax-y=\"80\" style=\"background-image: none;\" data-cs-background-image=\"https:\/\/laperledorane.com\/wp-content\/uploads\/2024\/04\/marrakech-to-ourika-valley-excursion.jpg\" data-cs-background-image-alt-text=\"\">\n\t\t\t\t\t\t\t<div class=\"elementor-background-overlay\"><\/div>\n\t\t\t\t\t\t\t<div class=\"elementor-container elementor-column-gap-no\">\n\t\t\t\t\t<div class=\"elementor-column elementor-col-100 elementor-top-column elementor-element elementor-element-1dd606d8 dark-color\" data-id=\"1dd606d8\" data-element_type=\"column\" data-e-type=\"column\">\n\t\t\t<div class=\"elementor-widget-wrap elementor-element-populated\">\n\t\t\t\t\t\t<div class=\"elementor-element elementor-element-3884db6 elementor-widget elementor-widget-cs_title\" data-id=\"3884db6\" data-element_type=\"widget\" data-e-type=\"widget\" data-widget_type=\"cs_title.default\">\n\t\t\t\t<div class=\"elementor-widget-container\">\n\t\t\t\t\t\n        <div class=\"cs-title-wrap text-center\">\t            <div class=\"cs-subtitle-wrap\"><span class=\"cs-subtitle color-white\">Alto Atlas<\/span><\/div>\t            <h1 class=\"cs-title\">\n\t                Valle de Ourika\t            <\/h1>\t            <div class=\"cs-title-text\">\n\t                <p>Descubra aut\u00e9nticas casas bereberes<\/p>\n\t            <\/div>        <\/div>\t\t\t\t<\/div>\n\t\t\t\t<\/div>\n\t\t\t\t\t<\/div>\n\t\t<\/div>\n\t\t\t\t\t<\/div>\n\t\t<\/section>\n\t\t\t\t<section class=\"elementor-section elementor-top-section elementor-element elementor-element-7098ee65 elementor-section-boxed elementor-section-height-default elementor-section-height-default\" data-id=\"7098ee65\" data-element_type=\"section\" data-e-type=\"section\">\n\t\t\t\t\t\t<div class=\"elementor-container elementor-column-gap-no\">\n\t\t\t\t\t<div class=\"elementor-column elementor-col-66 elementor-top-column elementor-element elementor-element-40a9778d\" data-id=\"40a9778d\" data-element_type=\"column\" data-e-type=\"column\">\n\t\t\t<div class=\"elementor-widget-wrap elementor-element-populated\">\n\t\t\t\t\t\t<div class=\"elementor-element elementor-element-7715fd51 elementor-widget elementor-widget-cs_title\" data-id=\"7715fd51\" data-element_type=\"widget\" data-e-type=\"widget\" data-widget_type=\"cs_title.default\">\n\t\t\t\t<div class=\"elementor-widget-container\">\n\t\t\t\t\t\n        <div class=\"cs-title-wrap\">\t            <div class=\"cs-subtitle-wrap\"><span class=\"cs-subtitle\">en las estribaciones del \"techo de Marruecos<\/span><\/div>\t            <h2 class=\"cs-title\">\n\t                Valle de Ourika\t            <\/h2>\t            <div class=\"cs-title-text\">\n\t                <p>El <strong>valle del Ourika<\/strong>, a unos <strong>60 kil\u00f3metros al sureste de Marrakech<\/strong>, es uno de los tesoros naturales de Marruecos. Imagine caminos sombreados que serpentean junto al r\u00edo Ourika, bordeados de nogales y que conducen a cascadas de <strong>aguas cristalinas<\/strong>. Las majestuosas monta\u00f1as del Atlas crean un paisaje impresionante.<\/p>\n<p>D\u00e9jese seducir por la autenticidad de las casas bereberes y los coloridos mercados donde los lugare\u00f1os venden sus productos. Una excursi\u00f3n al valle del Ourika es una invitaci\u00f3n a la aventura y al descubrimiento.<\/p>\n\t            <\/div>        <\/div>\t\t\t\t<\/div>\n\t\t\t\t<\/div>\n\t\t\t\t\t<\/div>\n\t\t<\/div>\n\t\t\t\t<div class=\"elementor-column elementor-col-33 elementor-top-column elementor-element elementor-element-1d24dd4d\" data-id=\"1d24dd4d\" data-element_type=\"column\" data-e-type=\"column\">\n\t\t\t<div class=\"elementor-widget-wrap elementor-element-populated\">\n\t\t\t\t\t\t<section class=\"elementor-section elementor-inner-section elementor-element elementor-element-176980a3 elementor-section-boxed elementor-section-height-default elementor-section-height-default\" data-id=\"176980a3\" data-element_type=\"section\" data-e-type=\"section\" data-settings=\"{&quot;background_background&quot;:&quot;classic&quot;}\">\n\t\t\t\t\t\t<div class=\"elementor-container elementor-column-gap-no\">\n\t\t\t\t\t<div class=\"elementor-column elementor-col-100 elementor-inner-column elementor-element elementor-element-609c221\" data-id=\"609c221\" data-element_type=\"column\" data-e-type=\"column\" data-settings=\"{&quot;background_background&quot;:&quot;classic&quot;}\">\n\t\t\t<div class=\"elementor-widget-wrap elementor-element-populated\">\n\t\t\t\t\t\t<div class=\"elementor-element elementor-element-3333a7a0 elementor-widget elementor-widget-cs_title\" data-id=\"3333a7a0\" data-element_type=\"widget\" data-e-type=\"widget\" data-widget_type=\"cs_title.default\">\n\t\t\t\t<div class=\"elementor-widget-container\">\n\t\t\t\t\t\n        <div class=\"cs-title-wrap\">\t            <h6 class=\"cs-title\">\n\t                Informaci\u00f3n\t            <\/h6>        <\/div>\t\t\t\t<\/div>\n\t\t\t\t<\/div>\n\t\t\t\t<div class=\"elementor-element elementor-element-2e79ba37 elementor-widget elementor-widget-cs_list\" data-id=\"2e79ba37\" data-element_type=\"widget\" data-e-type=\"widget\" data-widget_type=\"cs_list.default\">\n\t\t\t\t<div class=\"elementor-widget-container\">\n\t\t\t\t\t\n            <ul class=\"cs-list cs-list-type-unordered with-border\">                <li>                        <span class=\"list-icon color-primary\">\n                            <svg aria-hidden=\"true\" class=\"e-font-icon-svg e-fas-circle\" viewBox=\"0 0 512 512\" xmlns=\"http:\/\/www.w3.org\/2000\/svg\"><path d=\"M256 8C119 8 8 119 8 256s111 248 248 248 248-111 248-248S393 8 256 8z\"><\/path><\/svg>                        <\/span>                    <span class=\"list-content\">Transporte de 1 a 7 personas\n1020,00 dhs<\/span>                <\/li>                <li>                        <span class=\"list-icon color-primary\">\n                            <svg aria-hidden=\"true\" class=\"e-font-icon-svg e-fas-circle\" viewBox=\"0 0 512 512\" xmlns=\"http:\/\/www.w3.org\/2000\/svg\"><path d=\"M256 8C119 8 8 119 8 256s111 248 248 248 248-111 248-248S393 8 256 8z\"><\/path><\/svg>                        <\/span>                    <span class=\"list-content\">Transporte de 8 a 10 personas.\n1400,00 dhs<\/span>                <\/li>            <\/ul>\t\t\t\t<\/div>\n\t\t\t\t<\/div>\n\t\t\t\t<div class=\"elementor-element elementor-element-3ac9a640 elementor-align-justify elementor-widget elementor-widget-cs_button\" data-id=\"3ac9a640\" data-element_type=\"widget\" data-e-type=\"widget\" data-widget_type=\"cs_button.default\">\n\t\t\t\t<div class=\"elementor-widget-container\">\n\t\t\t\t\t        <a href=\"https:\/\/laperledorane.com\/en\/contact\/\" class=\"elementor-button-link button\" role=\"button\">\n            <span class=\"cs-btn-text\">Contacto<\/span>        <\/a>\t\t\t\t<\/div>\n\t\t\t\t<\/div>\n\t\t\t\t\t<\/div>\n\t\t<\/div>\n\t\t\t\t\t<\/div>\n\t\t<\/section>\n\t\t\t\t\t<\/div>\n\t\t<\/div>\n\t\t\t\t\t<\/div>\n\t\t<\/section>\n\t\t\t\t<section class=\"elementor-section elementor-top-section elementor-element elementor-element-7229eb7b elementor-section-boxed elementor-section-height-default elementor-section-height-default\" data-id=\"7229eb7b\" data-element_type=\"section\" data-e-type=\"section\">\n\t\t\t\t\t\t<div class=\"elementor-container elementor-column-gap-no\">\n\t\t\t\t\t<div class=\"elementor-column elementor-col-100 elementor-top-column elementor-element elementor-element-3045587f\" data-id=\"3045587f\" data-element_type=\"column\" data-e-type=\"column\">\n\t\t\t<div class=\"elementor-widget-wrap elementor-element-populated\">\n\t\t\t\t\t\t<div class=\"elementor-element elementor-element-5221d786 elementor-widget elementor-widget-cs_gallery\" data-id=\"5221d786\" data-element_type=\"widget\" data-e-type=\"widget\" data-widget_type=\"cs_gallery.default\">\n\t\t\t\t<div class=\"elementor-widget-container\">\n\t\t\t\t\t\n            <div class=\"cs-gallery gap-5 gallery-grid grid-col-3\">\n                <div class=\"cs-gallery-wrap\">                    <div class=\"cs-gallery-item\"><img fetchpriority=\"high\" decoding=\"async\" width=\"800\" height=\"1200\" src=\"https:\/\/laperledorane.com\/wp-content\/uploads\/2024\/04\/Haut-Atlas-Ourika.jpg\" class=\"attachment-full size-full wp-image-3547\" alt=\"\" srcset=\"https:\/\/laperledorane.com\/wp-content\/uploads\/2024\/04\/Haut-Atlas-Ourika.jpg 800w, https:\/\/laperledorane.com\/wp-content\/uploads\/2024\/04\/Haut-Atlas-Ourika-200x300.jpg 200w, https:\/\/laperledorane.com\/wp-content\/uploads\/2024\/04\/Haut-Atlas-Ourika-683x1024.jpg 683w, https:\/\/laperledorane.com\/wp-content\/uploads\/2024\/04\/Haut-Atlas-Ourika-768x1152.jpg 768w, https:\/\/laperledorane.com\/wp-content\/uploads\/2024\/04\/Haut-Atlas-Ourika-780x1170.jpg 780w, https:\/\/laperledorane.com\/wp-content\/uploads\/2024\/04\/Haut-Atlas-Ourika-600x900.jpg 600w, https:\/\/laperledorane.com\/wp-content\/uploads\/2024\/04\/Haut-Atlas-Ourika-550x825.jpg 550w, https:\/\/laperledorane.com\/wp-content\/uploads\/2024\/04\/Haut-Atlas-Ourika-370x555.jpg 370w, https:\/\/laperledorane.com\/wp-content\/uploads\/2024\/04\/Haut-Atlas-Ourika-255x383.jpg 255w, https:\/\/laperledorane.com\/wp-content\/uploads\/2024\/04\/Haut-Atlas-Ourika-100x150.jpg 100w\" sizes=\"(max-width: 800px) 100vw, 800px\" \/>                    <\/div>                    <div class=\"cs-gallery-item\"><img decoding=\"async\" width=\"800\" height=\"1200\" src=\"https:\/\/laperledorane.com\/wp-content\/uploads\/2024\/04\/vallee-de-l-ourika-trek-maroc.jpg\" class=\"attachment-full size-full wp-image-3551\" alt=\"\" srcset=\"https:\/\/laperledorane.com\/wp-content\/uploads\/2024\/04\/vallee-de-l-ourika-trek-maroc.jpg 800w, https:\/\/laperledorane.com\/wp-content\/uploads\/2024\/04\/vallee-de-l-ourika-trek-maroc-200x300.jpg 200w, https:\/\/laperledorane.com\/wp-content\/uploads\/2024\/04\/vallee-de-l-ourika-trek-maroc-683x1024.jpg 683w, https:\/\/laperledorane.com\/wp-content\/uploads\/2024\/04\/vallee-de-l-ourika-trek-maroc-768x1152.jpg 768w, https:\/\/laperledorane.com\/wp-content\/uploads\/2024\/04\/vallee-de-l-ourika-trek-maroc-780x1170.jpg 780w, https:\/\/laperledorane.com\/wp-content\/uploads\/2024\/04\/vallee-de-l-ourika-trek-maroc-600x900.jpg 600w, https:\/\/laperledorane.com\/wp-content\/uploads\/2024\/04\/vallee-de-l-ourika-trek-maroc-550x825.jpg 550w, https:\/\/laperledorane.com\/wp-content\/uploads\/2024\/04\/vallee-de-l-ourika-trek-maroc-370x555.jpg 370w, https:\/\/laperledorane.com\/wp-content\/uploads\/2024\/04\/vallee-de-l-ourika-trek-maroc-255x383.jpg 255w, https:\/\/laperledorane.com\/wp-content\/uploads\/2024\/04\/vallee-de-l-ourika-trek-maroc-100x150.jpg 100w\" sizes=\"(max-width: 800px) 100vw, 800px\" \/>                    <\/div>                    <div class=\"cs-gallery-item\"><img decoding=\"async\" width=\"799\" height=\"1200\" src=\"https:\/\/laperledorane.com\/wp-content\/uploads\/2024\/04\/Ourika-5.jpg\" class=\"attachment-full size-full wp-image-3555\" alt=\"\" srcset=\"https:\/\/laperledorane.com\/wp-content\/uploads\/2024\/04\/Ourika-5.jpg 799w, https:\/\/laperledorane.com\/wp-content\/uploads\/2024\/04\/Ourika-5-200x300.jpg 200w, https:\/\/laperledorane.com\/wp-content\/uploads\/2024\/04\/Ourika-5-682x1024.jpg 682w, https:\/\/laperledorane.com\/wp-content\/uploads\/2024\/04\/Ourika-5-768x1153.jpg 768w, https:\/\/laperledorane.com\/wp-content\/uploads\/2024\/04\/Ourika-5-780x1171.jpg 780w, https:\/\/laperledorane.com\/wp-content\/uploads\/2024\/04\/Ourika-5-600x901.jpg 600w, https:\/\/laperledorane.com\/wp-content\/uploads\/2024\/04\/Ourika-5-550x826.jpg 550w, https:\/\/laperledorane.com\/wp-content\/uploads\/2024\/04\/Ourika-5-370x556.jpg 370w, https:\/\/laperledorane.com\/wp-content\/uploads\/2024\/04\/Ourika-5-255x383.jpg 255w, https:\/\/laperledorane.com\/wp-content\/uploads\/2024\/04\/Ourika-5-100x150.jpg 100w\" sizes=\"(max-width: 799px) 100vw, 799px\" \/>                    <\/div>                <\/div>\n            <\/div>\t\t\t\t<\/div>\n\t\t\t\t<\/div>\n\t\t\t\t\t<\/div>\n\t\t<\/div>\n\t\t\t\t\t<\/div>\n\t\t<\/section>\n\t\t\t\t<\/div>\n\t\t","protected":false},"excerpt":{"rendered":"<p>Alto Atlas Valle de Ourika Descubra aut\u00e9nticas casas bereberes en las estribaciones del \u00abtecho de Marruecos Valle de Ourika El valle del Ourika, a unos 60 kil\u00f3metros al sureste de Marrakech, es uno de los tesoros naturales de Marruecos. Imagine caminos sombreados que serpentean junto al r\u00edo Ourika, bordeados de nogales y que conducen a &#8230;<\/p>\n","protected":false},"author":1,"featured_media":0,"parent":4734,"menu_order":0,"comment_status":"closed","ping_status":"closed","template":"elementor_header_footer","meta":{"cozystay_single_page_hide_site_header":"","cozystay_single_page_site_header_source":"","cozystay_single_page_custom_site_header":"0","cozystay_single_page_custom_sticky_site_header":"0","cozystay_single_page_hide_page_title":"","cozystay_single_page_header_section_size":"","cozystay_single_page_header_background_color":"","cozystay_single_page_header_background_position_x":"center","cozystay_single_page_header_background_position_y":"center","cozystay_single_page_header_background_size":"cover","cozystay_single_page_header_background_repeat":"off","cozystay_single_page_header_background_scroll":"on","cozystay_single_page_header_text_color":"","cozystay_single_page_header_show_breadcrumb":"","cozystay_single_page_site_footer_hide_main":"","cozystay_single_custom_site_footer_main_source":"","cozystay_single_custom_site_footer_main":"0","cozystay_single_page_site_footer_hide_above":"","cozystay_single_custom_site_footer_above_source":"","cozystay_single_custom_site_footer_above":"0","cozystay_single_page_site_footer_hide_instagram":"","cozystay_single_page_site_footer_hide_bottom":"","cozystay_single_custom_mobile_menu_source":"","cozystay_single_custom_mobile_menu":"0","cozystay_single_custom_mobile_menu_animation":"","cozystay_single_custom_mobile_menu_width":"","cozystay_single_custom_mobile_menu_custom_width":375,"footnotes":""},"class_list":["post-4747","page","type-page","status-publish","hentry"],"_links":{"self":[{"href":"https:\/\/laperledorane.com\/es\/wp-json\/wp\/v2\/pages\/4747","targetHints":{"allow":["GET"]}}],"collection":[{"href":"https:\/\/laperledorane.com\/es\/wp-json\/wp\/v2\/pages"}],"about":[{"href":"https:\/\/laperledorane.com\/es\/wp-json\/wp\/v2\/types\/page"}],"author":[{"embeddable":true,"href":"https:\/\/laperledorane.com\/es\/wp-json\/wp\/v2\/users\/1"}],"replies":[{"embeddable":true,"href":"https:\/\/laperledorane.com\/es\/wp-json\/wp\/v2\/comments?post=4747"}],"version-history":[{"count":4,"href":"https:\/\/laperledorane.com\/es\/wp-json\/wp\/v2\/pages\/4747\/revisions"}],"predecessor-version":[{"id":99374,"href":"https:\/\/laperledorane.com\/es\/wp-json\/wp\/v2\/pages\/4747\/revisions\/99374"}],"up":[{"embeddable":true,"href":"https:\/\/laperledorane.com\/es\/wp-json\/wp\/v2\/pages\/4734"}],"wp:attachment":[{"href":"https:\/\/laperledorane.com\/es\/wp-json\/wp\/v2\/media?parent=4747"}],"curies":[{"name":"wp","href":"https:\/\/api.w.org\/{rel}","templated":true}]}}