{"id":4754,"date":"2024-04-29T11:42:49","date_gmt":"2024-04-29T09:42:49","guid":{"rendered":"https:\/\/laperledorane.com\/servicios-del-riad\/ritual-del-hammam\/"},"modified":"2024-05-02T18:13:20","modified_gmt":"2024-05-02T16:13:20","slug":"ritual-del-hammam","status":"publish","type":"page","link":"https:\/\/laperledorane.com\/es\/servicios-del-riad\/ritual-del-hammam\/","title":{"rendered":"Ritual del hammam"},"content":{"rendered":"\t\t<div data-elementor-type=\"wp-page\" data-elementor-id=\"4754\" class=\"elementor elementor-4754 elementor-3984\">\n\t\t\t\t\t\t<section class=\"elementor-section elementor-top-section elementor-element elementor-element-379defd elementor-section-height-min-height cs-section-content-fullwidth cs-parallax-on-scroll cs_scroll_y_80 elementor-section-boxed elementor-section-height-default elementor-section-items-middle\" data-id=\"379defd\" data-element_type=\"section\" data-e-type=\"section\" data-settings=\"{&quot;background_background&quot;:&quot;classic&quot;}\" data-cs-parallax-y=\"80\" style=\"background-image: none;\" data-cs-background-image=\"https:\/\/laperledorane.com\/wp-content\/uploads\/2024\/04\/image00017.jpg\" data-cs-background-image-alt-text=\"\">\n\t\t\t\t\t\t\t<div class=\"elementor-background-overlay\"><\/div>\n\t\t\t\t\t\t\t<div class=\"elementor-container elementor-column-gap-no\">\n\t\t\t\t\t<div class=\"elementor-column elementor-col-100 elementor-top-column elementor-element elementor-element-4e723e11 dark-color\" data-id=\"4e723e11\" data-element_type=\"column\" data-e-type=\"column\">\n\t\t\t<div class=\"elementor-widget-wrap elementor-element-populated\">\n\t\t\t\t\t\t<div class=\"elementor-element elementor-element-0f6d4fc elementor-view-default elementor-widget elementor-widget-icon\" data-id=\"0f6d4fc\" data-element_type=\"widget\" data-e-type=\"widget\" data-widget_type=\"icon.default\">\n\t\t\t\t<div class=\"elementor-widget-container\">\n\t\t\t\t\t\t\t<div class=\"elementor-icon-wrapper\">\n\t\t\t<div class=\"elementor-icon\">\n\t\t\t<i aria-hidden=\"true\" class=\"flaticon flaticon-spa\"><\/i>\t\t\t<\/div>\n\t\t<\/div>\n\t\t\t\t\t\t<\/div>\n\t\t\t\t<\/div>\n\t\t\t\t<div class=\"elementor-element elementor-element-6231709f elementor-widget elementor-widget-cs_title\" data-id=\"6231709f\" data-element_type=\"widget\" data-e-type=\"widget\" data-widget_type=\"cs_title.default\">\n\t\t\t\t<div class=\"elementor-widget-container\">\n\t\t\t\t\t\n        <div class=\"cs-title-wrap text-center\">\t            <h1 class=\"cs-title\">\n\t                El hammam\t            <\/h1>\t            <div class=\"cs-title-text\">\n\t                <div class=\"AdBbhQ hGbcYA _7rUwsA\" lang=\"fr-FR\">\n<p class=\"cgHgbA pYZEjA Xp24Nw PanoWQ\"><span class=\"OYPEnA\">D\u00e9jese seducir por nuestros diferentes productos de cuidado corporal<br \/><\/span><\/p>\n<\/div>\n\t            <\/div>        <\/div>\t\t\t\t<\/div>\n\t\t\t\t<\/div>\n\t\t\t\t\t<\/div>\n\t\t<\/div>\n\t\t\t\t\t<\/div>\n\t\t<\/section>\n\t\t\t\t<section class=\"elementor-section elementor-top-section elementor-element elementor-element-46545173 cs-section-content-fullwidth elementor-section-boxed elementor-section-height-default elementor-section-height-default\" data-id=\"46545173\" data-element_type=\"section\" data-e-type=\"section\" data-settings=\"{&quot;background_background&quot;:&quot;classic&quot;}\">\n\t\t\t\t\t\t<div class=\"elementor-container elementor-column-gap-no\">\n\t\t\t\t\t<div class=\"elementor-column elementor-col-100 elementor-top-column elementor-element elementor-element-321a108b\" data-id=\"321a108b\" data-element_type=\"column\" data-e-type=\"column\">\n\t\t\t<div class=\"elementor-widget-wrap elementor-element-populated\">\n\t\t\t\t\t\t<div class=\"elementor-element elementor-element-8e2a9cd elementor-widget elementor-widget-cs_title\" data-id=\"8e2a9cd\" data-element_type=\"widget\" data-e-type=\"widget\" data-widget_type=\"cs_title.default\">\n\t\t\t\t<div class=\"elementor-widget-container\">\n\t\t\t\t\t\n        <div class=\"cs-title-wrap text-center-mobile\">\t            <h3 class=\"cs-title\">\n\t                Ritual del hammam\t            <\/h3>        <\/div>\t\t\t\t<\/div>\n\t\t\t\t<\/div>\n\t\t\t\t\t<\/div>\n\t\t<\/div>\n\t\t\t\t\t<\/div>\n\t\t<\/section>\n\t\t\t\t<section class=\"elementor-section elementor-top-section elementor-element elementor-element-30eeabee cs-section-content-fullwidth elementor-section-boxed elementor-section-height-default elementor-section-height-default\" data-id=\"30eeabee\" data-element_type=\"section\" data-e-type=\"section\" data-settings=\"{&quot;background_background&quot;:&quot;classic&quot;}\">\n\t\t\t\t\t\t<div class=\"elementor-container elementor-column-gap-no\">\n\t\t\t\t\t<div class=\"elementor-column elementor-col-100 elementor-top-column elementor-element elementor-element-4e382b1b\" data-id=\"4e382b1b\" data-element_type=\"column\" data-e-type=\"column\">\n\t\t\t<div class=\"elementor-widget-wrap elementor-element-populated\">\n\t\t\t\t\t\t<div class=\"elementor-element elementor-element-40ac8d9 elementor-widget elementor-widget-text-editor\" data-id=\"40ac8d9\" data-element_type=\"widget\" data-e-type=\"widget\" data-widget_type=\"text-editor.default\">\n\t\t\t\t<div class=\"elementor-widget-container\">\n\t\t\t\t\t\t\t\t\t<p><span class=\"OYPEnA\">Exfoliante de jab\u00f3n negro<\/span> <span class=\"OYPEnA\">tradicional,<\/span> <span class=\"OYPEnA\">champ\u00fa envolvente Atlas ghassoul, gel de ducha (aromas de azahar, verbena o \u00e1mbar almizclado), mascarilla natural de arcilla o plantas<\/span><\/p>\n\t\t\t\t\t\t\t\t<\/div>\n\t\t\t\t<\/div>\n\t\t\t\t\t<\/div>\n\t\t<\/div>\n\t\t\t\t\t<\/div>\n\t\t<\/section>\n\t\t\t\t<section class=\"elementor-section elementor-top-section elementor-element elementor-element-1312753a cs-section-content-fullwidth elementor-section-boxed elementor-section-height-default elementor-section-height-default\" data-id=\"1312753a\" data-element_type=\"section\" data-e-type=\"section\">\n\t\t\t\t\t\t<div class=\"elementor-container elementor-column-gap-narrow\">\n\t\t\t\t\t<div class=\"elementor-column elementor-col-50 elementor-top-column elementor-element elementor-element-348676b\" data-id=\"348676b\" data-element_type=\"column\" data-e-type=\"column\">\n\t\t\t<div class=\"elementor-widget-wrap elementor-element-populated\">\n\t\t\t\t\t\t<div class=\"elementor-element elementor-element-53fd7d90 elementor-hidden-mobile elementor-widget elementor-widget-cs_call_to_action\" data-id=\"53fd7d90\" data-element_type=\"widget\" data-e-type=\"widget\" data-settings=\"{&quot;overlay_background&quot;:&quot;gradient&quot;}\" data-widget_type=\"cs_call_to_action.default\">\n\t\t\t\t<div class=\"elementor-widget-container\">\n\t\t\t\t\t\n\t\t<div class=\"cs-cta cta-layout-text-overlap content-bottom dark-color text-left cta-hover-img-zoom\">\n            <div class=\"cs-cta-wrap\">\t\t               \t<div class=\"cs-cta-img\">\n\t\t                    <img fetchpriority=\"high\" decoding=\"async\" width=\"780\" height=\"628\" src=\"https:\/\/laperledorane.com\/wp-content\/uploads\/2024\/04\/image00018-780x628.jpg\" class=\"attachment-cozystay_780x9999 size-cozystay_780x9999 wp-image-4020\" alt=\"\" srcset=\"https:\/\/laperledorane.com\/wp-content\/uploads\/2024\/04\/image00018-780x628.jpg 780w, https:\/\/laperledorane.com\/wp-content\/uploads\/2024\/04\/image00018-300x242.jpg 300w, https:\/\/laperledorane.com\/wp-content\/uploads\/2024\/04\/image00018-1024x825.jpg 1024w, https:\/\/laperledorane.com\/wp-content\/uploads\/2024\/04\/image00018-768x618.jpg 768w, https:\/\/laperledorane.com\/wp-content\/uploads\/2024\/04\/image00018-1536x1237.jpg 1536w, https:\/\/laperledorane.com\/wp-content\/uploads\/2024\/04\/image00018-1440x1160.jpg 1440w, https:\/\/laperledorane.com\/wp-content\/uploads\/2024\/04\/image00018-1200x966.jpg 1200w, https:\/\/laperledorane.com\/wp-content\/uploads\/2024\/04\/image00018-600x483.jpg 600w, https:\/\/laperledorane.com\/wp-content\/uploads\/2024\/04\/image00018-550x443.jpg 550w, https:\/\/laperledorane.com\/wp-content\/uploads\/2024\/04\/image00018-370x298.jpg 370w, https:\/\/laperledorane.com\/wp-content\/uploads\/2024\/04\/image00018-255x205.jpg 255w, https:\/\/laperledorane.com\/wp-content\/uploads\/2024\/04\/image00018-150x121.jpg 150w, https:\/\/laperledorane.com\/wp-content\/uploads\/2024\/04\/image00018.jpg 1879w\" sizes=\"(max-width: 780px) 100vw, 780px\" \/>\t\t                <\/div>                <div class=\"cs-cta-overlay\"><\/div>\n                <div class=\"cs-cta-content\">\t\t\t\t\t<div class=\"cs-subtitle-wrap\"><span class=\"cs-subtitle color-white\">Bienestar<\/span><\/div>\t\t            <h4 class=\"cs-cta-title cs-title\">\n\t\t                Ritual del hammam\t\t            <\/h4>\t\t            <div class=\"cs-cta-text\">\n\t\t                <p><span class=\"OYPEnA\">Exfoliante de jab\u00f3n negro<\/span> <span class=\"OYPEnA\">tradicional<\/span><\/p>\n<p>45 minutos | <span class=\"OYPEnA\">350dhs<\/span><\/p>\n\t\t            <\/div>\t\t\t<\/div>            <\/div>\n        <\/div>\t\t\t\t<\/div>\n\t\t\t\t<\/div>\n\t\t\t\t<div class=\"elementor-element elementor-element-7f5fbbaa elementor-widget elementor-widget-cs_call_to_action\" data-id=\"7f5fbbaa\" data-element_type=\"widget\" data-e-type=\"widget\" data-settings=\"{&quot;overlay_background&quot;:&quot;gradient&quot;}\" data-widget_type=\"cs_call_to_action.default\">\n\t\t\t\t<div class=\"elementor-widget-container\">\n\t\t\t\t\t\n\t\t<div class=\"cs-cta cta-layout-text-overlap content-bottom dark-color text-left cta-hover-img-zoom\">\n            <div class=\"cs-cta-wrap\">\t\t               \t<div class=\"cs-cta-img\">\n\t\t                    <img decoding=\"async\" width=\"1024\" height=\"582\" src=\"https:\/\/laperledorane.com\/wp-content\/uploads\/2024\/04\/Massage-argan-1024x582.jpg\" class=\"attachment-large size-large wp-image-4061\" alt=\"\" srcset=\"https:\/\/laperledorane.com\/wp-content\/uploads\/2024\/04\/Massage-argan-1024x582.jpg 1024w, https:\/\/laperledorane.com\/wp-content\/uploads\/2024\/04\/Massage-argan-300x171.jpg 300w, https:\/\/laperledorane.com\/wp-content\/uploads\/2024\/04\/Massage-argan-768x437.jpg 768w, https:\/\/laperledorane.com\/wp-content\/uploads\/2024\/04\/Massage-argan-1536x873.jpg 1536w, https:\/\/laperledorane.com\/wp-content\/uploads\/2024\/04\/Massage-argan-2048x1164.jpg 2048w, https:\/\/laperledorane.com\/wp-content\/uploads\/2024\/04\/Massage-argan-1920x1092.jpg 1920w, https:\/\/laperledorane.com\/wp-content\/uploads\/2024\/04\/Massage-argan-1440x819.jpg 1440w, https:\/\/laperledorane.com\/wp-content\/uploads\/2024\/04\/Massage-argan-1200x682.jpg 1200w, https:\/\/laperledorane.com\/wp-content\/uploads\/2024\/04\/Massage-argan-780x443.jpg 780w, https:\/\/laperledorane.com\/wp-content\/uploads\/2024\/04\/Massage-argan-600x341.jpg 600w, https:\/\/laperledorane.com\/wp-content\/uploads\/2024\/04\/Massage-argan-550x313.jpg 550w, https:\/\/laperledorane.com\/wp-content\/uploads\/2024\/04\/Massage-argan-370x210.jpg 370w, https:\/\/laperledorane.com\/wp-content\/uploads\/2024\/04\/Massage-argan-255x145.jpg 255w, https:\/\/laperledorane.com\/wp-content\/uploads\/2024\/04\/Massage-argan-150x85.jpg 150w\" sizes=\"(max-width: 1024px) 100vw, 1024px\" \/>\t\t                <\/div>                <div class=\"cs-cta-overlay\"><\/div>\n                <div class=\"cs-cta-content\">\t\t\t\t\t<div class=\"cs-subtitle-wrap\"><span class=\"cs-subtitle color-white\">Serenidad<\/span><\/div>\t\t            <h4 class=\"cs-cta-title cs-title\">\n\t\t                Ritual de evasi\u00f3n del masaje\t\t            <\/h4>\t\t            <div class=\"cs-cta-text\">\n\t\t                <p><span class=\"OYPEnA\">Masaje con aceite de arg\u00e1n ecol\u00f3gico (selecci\u00f3n de aromas)<br \/><\/span><\/p>\n<p>45 minutos | <span class=\"OYPEnA\">350dhs<br \/><\/span>60 minutos | <span class=\"OYPEnA\">400dhs<\/span><\/p>\n\t\t            <\/div>\t\t\t<\/div>            <\/div>\n        <\/div>\t\t\t\t<\/div>\n\t\t\t\t<\/div>\n\t\t\t\t\t<\/div>\n\t\t<\/div>\n\t\t\t\t<div class=\"elementor-column elementor-col-50 elementor-top-column elementor-element elementor-element-1bb569c7\" data-id=\"1bb569c7\" data-element_type=\"column\" data-e-type=\"column\">\n\t\t\t<div class=\"elementor-widget-wrap elementor-element-populated\">\n\t\t\t\t\t\t<div class=\"elementor-element elementor-element-744d617e elementor-widget elementor-widget-cs_call_to_action\" data-id=\"744d617e\" data-element_type=\"widget\" data-e-type=\"widget\" data-settings=\"{&quot;overlay_background&quot;:&quot;gradient&quot;}\" data-widget_type=\"cs_call_to_action.default\">\n\t\t\t\t<div class=\"elementor-widget-container\">\n\t\t\t\t\t\n\t\t<div class=\"cs-cta cta-layout-text-overlap content-bottom dark-color text-left cta-hover-img-zoom\">\n            <div class=\"cs-cta-wrap\">\t\t               \t<div class=\"cs-cta-img\">\n\t\t                    <img decoding=\"async\" width=\"820\" height=\"1230\" src=\"https:\/\/laperledorane.com\/wp-content\/uploads\/2024\/04\/gommage_savon-noir.jpg\" class=\"attachment-cozystay_1200x9999 size-cozystay_1200x9999 wp-image-4067\" alt=\"\" srcset=\"https:\/\/laperledorane.com\/wp-content\/uploads\/2024\/04\/gommage_savon-noir.jpg 820w, https:\/\/laperledorane.com\/wp-content\/uploads\/2024\/04\/gommage_savon-noir-200x300.jpg 200w, https:\/\/laperledorane.com\/wp-content\/uploads\/2024\/04\/gommage_savon-noir-683x1024.jpg 683w, https:\/\/laperledorane.com\/wp-content\/uploads\/2024\/04\/gommage_savon-noir-768x1152.jpg 768w, https:\/\/laperledorane.com\/wp-content\/uploads\/2024\/04\/gommage_savon-noir-780x1170.jpg 780w, https:\/\/laperledorane.com\/wp-content\/uploads\/2024\/04\/gommage_savon-noir-600x900.jpg 600w, https:\/\/laperledorane.com\/wp-content\/uploads\/2024\/04\/gommage_savon-noir-550x825.jpg 550w, https:\/\/laperledorane.com\/wp-content\/uploads\/2024\/04\/gommage_savon-noir-370x555.jpg 370w, https:\/\/laperledorane.com\/wp-content\/uploads\/2024\/04\/gommage_savon-noir-255x383.jpg 255w, https:\/\/laperledorane.com\/wp-content\/uploads\/2024\/04\/gommage_savon-noir-100x150.jpg 100w\" sizes=\"(max-width: 820px) 100vw, 820px\" \/>\t\t                <\/div>                <div class=\"cs-cta-overlay\"><\/div>\n                <div class=\"cs-cta-content\">\t\t\t\t\t<div class=\"cs-subtitle-wrap\"><span class=\"cs-subtitle color-white\">Bienestar y serenidad<\/span><\/div>\t\t            <h4 class=\"cs-cta-title cs-title\">\n\t\t                Ritual de la firma\t\t            <\/h4>\t\t            <div class=\"cs-cta-text\">\n\t\t                <p><span class=\"OYPEnA\">Ritual de cuidados en el hammam + Ritual de masaje de evasi\u00f3n<\/span><\/p>\n<p>1h30 | 5<span class=\"OYPEnA\">50dhs<br \/><\/span>1h45 | <span class=\"OYPEnA\">650dhs<\/span><\/p>\n\t\t            <\/div>\t\t\t<\/div>            <\/div>\n        <\/div>\t\t\t\t<\/div>\n\t\t\t\t<\/div>\n\t\t\t\t<div class=\"elementor-element elementor-element-1979f907 elementor-hidden-desktop elementor-hidden-tablet elementor-widget elementor-widget-cs_call_to_action\" data-id=\"1979f907\" data-element_type=\"widget\" data-e-type=\"widget\" data-settings=\"{&quot;overlay_background&quot;:&quot;gradient&quot;}\" data-widget_type=\"cs_call_to_action.default\">\n\t\t\t\t<div class=\"elementor-widget-container\">\n\t\t\t\t\t\n\t\t<div class=\"cs-cta cta-layout-text-overlap content-bottom dark-color text-left cta-hover-img-zoom\">\n            <div class=\"cs-cta-wrap\">\t\t               \t<div class=\"cs-cta-img\">\n\t\t                    <img decoding=\"async\" src=\"https:\/\/laperledorane.com\/wp-content\/uploads\/elementor\/thumbs\/c3813bda-77ab-4113-a83e-dea61cf06340-qm4fdwt9thasymcg42m90ahvovxyv3zn8tajb5su94.jpg\" title=\"\" alt=\"\" loading=\"lazy\" \/>\t\t                <\/div>                <div class=\"cs-cta-overlay\"><\/div>\n                <div class=\"cs-cta-content\">\t\t\t\t\t<div class=\"cs-subtitle-wrap\"><span class=\"cs-subtitle color-white\">BIENESTAR<\/span><\/div>\t\t            <h4 class=\"cs-cta-title cs-title\">\n\t\t                Ritual del hammam\t\t            <\/h4>\t\t            <div class=\"cs-cta-text\">\n\t\t                <p><span class=\"OYPEnA\">Exfoliante de jab\u00f3n negro<\/span> <span class=\"OYPEnA\">tradicional<\/span><\/p>\n<p>45 minutos | <span class=\"OYPEnA\">350dhs<\/span><\/p>\n\t\t            <\/div>\t\t\t<\/div>                <a class=\"cs-cta-link\" href=\"#\" aria-label=\"Call to Action Link\"><\/a>            <\/div>\n        <\/div>\t\t\t\t<\/div>\n\t\t\t\t<\/div>\n\t\t\t\t\t<\/div>\n\t\t<\/div>\n\t\t\t\t\t<\/div>\n\t\t<\/section>\n\t\t\t\t<section class=\"elementor-section elementor-top-section elementor-element elementor-element-6d2252b5 cs-section-content-fullwidth elementor-section-boxed elementor-section-height-default elementor-section-height-default\" data-id=\"6d2252b5\" data-element_type=\"section\" data-e-type=\"section\" data-settings=\"{&quot;background_background&quot;:&quot;classic&quot;}\">\n\t\t\t\t\t\t<div class=\"elementor-container elementor-column-gap-no\">\n\t\t\t\t\t<div class=\"elementor-column elementor-col-100 elementor-top-column elementor-element elementor-element-7a05754f\" data-id=\"7a05754f\" data-element_type=\"column\" data-e-type=\"column\">\n\t\t\t<div class=\"elementor-widget-wrap elementor-element-populated\">\n\t\t\t\t\t\t<div class=\"elementor-element elementor-element-fcc87f4 elementor-widget elementor-widget-text-editor\" data-id=\"fcc87f4\" data-element_type=\"widget\" data-e-type=\"widget\" data-widget_type=\"text-editor.default\">\n\t\t\t\t<div class=\"elementor-widget-container\">\n\t\t\t\t\t\t\t\t\t<div class=\"AdBbhQ hGbcYA rLWGlw _7rUwsA\" lang=\"fr-FR\">\n<p><span class=\"OYPEnA\">S\u00f3lo la masajista del Riad est\u00e1 autorizada a prestar estos servicios en el Riad con cita previa..<br \/><\/span><span class=\"OYPEnA\">Al final de su tratamiento, tendr\u00e1 el placer de degustar <\/span><span class=\"OYPEnA\">un tradicional T\u00e9 a la Menta en el sal\u00f3n Beldi.<\/span><\/p>\n<\/div>\n<p><span class=\"OYPEnA\"> <\/span><\/p>\n\t\t\t\t\t\t\t\t<\/div>\n\t\t\t\t<\/div>\n\t\t\t\t\t<\/div>\n\t\t<\/div>\n\t\t\t\t\t<\/div>\n\t\t<\/section>\n\t\t\t\t<\/div>\n\t\t","protected":false},"excerpt":{"rendered":"<p>El hammam D\u00e9jese seducir por nuestros diferentes productos de cuidado corporal Ritual del hammam Exfoliante de jab\u00f3n negro tradicional, champ\u00fa envolvente Atlas ghassoul, gel de ducha (aromas de azahar, verbena o \u00e1mbar almizclado), mascarilla natural de arcilla o plantas Bienestar Ritual del hammam Exfoliante de jab\u00f3n negro tradicional 45 minutos | 350dhs Serenidad Ritual de &#8230;<\/p>\n","protected":false},"author":1,"featured_media":0,"parent":4750,"menu_order":0,"comment_status":"closed","ping_status":"closed","template":"elementor_header_footer","meta":{"cozystay_single_page_hide_site_header":"","cozystay_single_page_site_header_source":"","cozystay_single_page_custom_site_header":"0","cozystay_single_page_custom_sticky_site_header":"0","cozystay_single_page_hide_page_title":"","cozystay_single_page_header_section_size":"","cozystay_single_page_header_background_color":"","cozystay_single_page_header_background_position_x":"center","cozystay_single_page_header_background_position_y":"center","cozystay_single_page_header_background_size":"cover","cozystay_single_page_header_background_repeat":"off","cozystay_single_page_header_background_scroll":"on","cozystay_single_page_header_text_color":"","cozystay_single_page_header_show_breadcrumb":"","cozystay_single_page_site_footer_hide_main":"","cozystay_single_custom_site_footer_main_source":"","cozystay_single_custom_site_footer_main":"0","cozystay_single_page_site_footer_hide_above":"","cozystay_single_custom_site_footer_above_source":"","cozystay_single_custom_site_footer_above":"0","cozystay_single_page_site_footer_hide_instagram":"","cozystay_single_page_site_footer_hide_bottom":"","cozystay_single_custom_mobile_menu_source":"","cozystay_single_custom_mobile_menu":"0","cozystay_single_custom_mobile_menu_animation":"","cozystay_single_custom_mobile_menu_width":"","cozystay_single_custom_mobile_menu_custom_width":375,"footnotes":""},"class_list":["post-4754","page","type-page","status-publish","hentry"],"_links":{"self":[{"href":"https:\/\/laperledorane.com\/es\/wp-json\/wp\/v2\/pages\/4754","targetHints":{"allow":["GET"]}}],"collection":[{"href":"https:\/\/laperledorane.com\/es\/wp-json\/wp\/v2\/pages"}],"about":[{"href":"https:\/\/laperledorane.com\/es\/wp-json\/wp\/v2\/types\/page"}],"author":[{"embeddable":true,"href":"https:\/\/laperledorane.com\/es\/wp-json\/wp\/v2\/users\/1"}],"replies":[{"embeddable":true,"href":"https:\/\/laperledorane.com\/es\/wp-json\/wp\/v2\/comments?post=4754"}],"version-history":[{"count":1,"href":"https:\/\/laperledorane.com\/es\/wp-json\/wp\/v2\/pages\/4754\/revisions"}],"predecessor-version":[{"id":4755,"href":"https:\/\/laperledorane.com\/es\/wp-json\/wp\/v2\/pages\/4754\/revisions\/4755"}],"up":[{"embeddable":true,"href":"https:\/\/laperledorane.com\/es\/wp-json\/wp\/v2\/pages\/4750"}],"wp:attachment":[{"href":"https:\/\/laperledorane.com\/es\/wp-json\/wp\/v2\/media?parent=4754"}],"curies":[{"name":"wp","href":"https:\/\/api.w.org\/{rel}","templated":true}]}}